{"id":4387,"date":"2025-04-23T14:07:07","date_gmt":"2025-04-23T14:07:07","guid":{"rendered":"https:\/\/www.futerro.com\/emplois\/"},"modified":"2025-09-09T12:04:32","modified_gmt":"2025-09-09T12:04:32","slug":"emplois","status":"publish","type":"page","link":"https:\/\/www.futerro.com\/fr\/carrieres\/emplois\/","title":{"rendered":"Emplois"},"content":{"rendered":"\t\t<div data-elementor-type=\"wp-page\" data-elementor-id=\"4387\" class=\"elementor elementor-4387 elementor-1227\" data-elementor-post-type=\"page\">\n\t\t\t\t<div class=\"elementor-element elementor-element-7d00682 e-flex e-con-boxed e-con e-parent\" data-id=\"7d00682\" data-element_type=\"container\" data-e-type=\"container\">\n\t\t\t\t\t<div class=\"e-con-inner\">\n\t\t\t\t<div class=\"elementor-element elementor-element-3effaa7 elementor-grid-3 elementor-grid-tablet-2 elementor-grid-mobile-1 elementor-widget elementor-widget-loop-grid\" data-id=\"3effaa7\" data-element_type=\"widget\" data-e-type=\"widget\" data-settings=\"{&quot;template_id&quot;:4816,&quot;columns&quot;:3,&quot;_skin&quot;:&quot;post&quot;,&quot;columns_tablet&quot;:&quot;2&quot;,&quot;columns_mobile&quot;:&quot;1&quot;,&quot;edit_handle_selector&quot;:&quot;[data-elementor-type=\\&quot;loop-item\\&quot;]&quot;,&quot;row_gap&quot;:{&quot;unit&quot;:&quot;px&quot;,&quot;size&quot;:&quot;&quot;,&quot;sizes&quot;:[]},&quot;row_gap_laptop&quot;:{&quot;unit&quot;:&quot;px&quot;,&quot;size&quot;:&quot;&quot;,&quot;sizes&quot;:[]},&quot;row_gap_tablet&quot;:{&quot;unit&quot;:&quot;px&quot;,&quot;size&quot;:&quot;&quot;,&quot;sizes&quot;:[]},&quot;row_gap_mobile&quot;:{&quot;unit&quot;:&quot;px&quot;,&quot;size&quot;:&quot;&quot;,&quot;sizes&quot;:[]}}\" data-widget_type=\"loop-grid.post\">\n\t\t\t\t<div class=\"elementor-widget-container\">\n\t\t\t\t\t\t\t<div class=\"e-loop-nothing-found-message\">\n\t\t<\/div>\n\t\t\t\t\t\t<\/div>\n\t\t\t\t<\/div>\n\t\t\t\t\t<\/div>\n\t\t\t\t<\/div>\n\t\t<div class=\"elementor-element elementor-element-2117e5d e-flex e-con-boxed e-con e-parent\" data-id=\"2117e5d\" data-element_type=\"container\" data-e-type=\"container\">\n\t\t\t\t\t<div class=\"e-con-inner\">\n\t\t\t\t<div class=\"elementor-element elementor-element-16cb4f0 elementor-widget elementor-widget-text-editor\" data-id=\"16cb4f0\" data-element_type=\"widget\" data-e-type=\"widget\" data-widget_type=\"text-editor.default\">\n\t\t\t\t<div class=\"elementor-widget-container\">\n\t\t\t\t\t\t\t\t\t<p>S&rsquo;il n&rsquo;y a pas de postes ouverts pour le moment, mais que vous souhaitez tout de m\u00eame soumettre une candidature spontan\u00e9e, n&rsquo;h\u00e9sitez pas \u00e0 <a href=\"https:\/\/www.futerro.com\/contact\/\">nous contacter<\/a> directement.<\/p>\t\t\t\t\t\t\t\t<\/div>\n\t\t\t\t<\/div>\n\t\t\t\t\t<\/div>\n\t\t\t\t<\/div>\n\t\t\t\t<\/div>\n\t\t","protected":false},"excerpt":{"rendered":"<p>S&rsquo;il n&rsquo;y a pas de postes ouverts pour le moment, mais que vous souhaitez tout de m\u00eame soumettre une candidature spontan\u00e9e, n&rsquo;h\u00e9sitez pas \u00e0 nous contacter directement.<\/p>\n","protected":false},"author":2,"featured_media":3475,"parent":4517,"menu_order":0,"comment_status":"closed","ping_status":"closed","template":"","meta":{"_acf_changed":false,"_seopress_robots_primary_cat":"","_seopress_titles_title":"","_seopress_titles_desc":"","_seopress_robots_index":"","inline_featured_image":false,"footnotes":""},"class_list":["post-4387","page","type-page","status-publish","has-post-thumbnail","hentry"],"acf":[],"_links":{"self":[{"href":"https:\/\/www.futerro.com\/fr\/wp-json\/wp\/v2\/pages\/4387","targetHints":{"allow":["GET"]}}],"collection":[{"href":"https:\/\/www.futerro.com\/fr\/wp-json\/wp\/v2\/pages"}],"about":[{"href":"https:\/\/www.futerro.com\/fr\/wp-json\/wp\/v2\/types\/page"}],"author":[{"embeddable":true,"href":"https:\/\/www.futerro.com\/fr\/wp-json\/wp\/v2\/users\/2"}],"replies":[{"embeddable":true,"href":"https:\/\/www.futerro.com\/fr\/wp-json\/wp\/v2\/comments?post=4387"}],"version-history":[{"count":2,"href":"https:\/\/www.futerro.com\/fr\/wp-json\/wp\/v2\/pages\/4387\/revisions"}],"predecessor-version":[{"id":4390,"href":"https:\/\/www.futerro.com\/fr\/wp-json\/wp\/v2\/pages\/4387\/revisions\/4390"}],"up":[{"embeddable":true,"href":"https:\/\/www.futerro.com\/fr\/wp-json\/wp\/v2\/pages\/4517"}],"wp:featuredmedia":[{"embeddable":true,"href":"https:\/\/www.futerro.com\/fr\/wp-json\/wp\/v2\/media\/3475"}],"wp:attachment":[{"href":"https:\/\/www.futerro.com\/fr\/wp-json\/wp\/v2\/media?parent=4387"}],"curies":[{"name":"wp","href":"https:\/\/api.w.org\/{rel}","templated":true}]}}