{"id":4538,"date":"2025-03-26T08:50:14","date_gmt":"2025-03-26T08:50:14","guid":{"rendered":"https:\/\/www.futerro.com\/futeon-ld\/"},"modified":"2025-12-30T16:32:15","modified_gmt":"2025-12-30T15:32:15","slug":"futeon-ld","status":"publish","type":"page","link":"https:\/\/www.futerro.com\/fr\/produits\/futeon-ld\/","title":{"rendered":"Futeon\u2122 LD"},"content":{"rendered":"\t\t<div data-elementor-type=\"wp-page\" data-elementor-id=\"4538\" class=\"elementor elementor-4538 elementor-385\" data-elementor-post-type=\"page\">\n\t\t\t\t<div class=\"elementor-element elementor-element-3e51b401 e-con-full e-flex e-con e-parent\" data-id=\"3e51b401\" data-element_type=\"container\" data-e-type=\"container\">\n\t\t<div class=\"elementor-element elementor-element-54fdd0d5 e-flex e-con-boxed e-con e-child\" data-id=\"54fdd0d5\" data-element_type=\"container\" data-e-type=\"container\">\n\t\t\t\t\t<div class=\"e-con-inner\">\n\t\t<div class=\"elementor-element elementor-element-1a8c0eb e-con-full e-flex e-con e-child\" data-id=\"1a8c0eb\" data-element_type=\"container\" data-e-type=\"container\">\n\t\t\t\t<div class=\"elementor-element elementor-element-7c35aff3 elementor-widget elementor-widget-heading\" data-id=\"7c35aff3\" data-element_type=\"widget\" data-e-type=\"widget\" data-widget_type=\"heading.default\">\n\t\t\t\t<div class=\"elementor-widget-container\">\n\t\t\t\t\t<h6 class=\"elementor-heading-title elementor-size-default\">Qu'est-ce que le lactide ? <\/h6>\t\t\t\t<\/div>\n\t\t\t\t<\/div>\n\t\t\t\t<div class=\"elementor-element elementor-element-56dac3a3 elementor-widget elementor-widget-heading\" data-id=\"56dac3a3\" data-element_type=\"widget\" data-e-type=\"widget\" data-widget_type=\"heading.default\">\n\t\t\t\t<div class=\"elementor-widget-container\">\n\t\t\t\t\t<h2 class=\"elementor-heading-title elementor-size-default\">Futeon\u2122 LD: une mol\u00e9cule plateforme biosourc\u00e9e <\/h2>\t\t\t\t<\/div>\n\t\t\t\t<\/div>\n\t\t\t\t<div class=\"elementor-element elementor-element-692853c4 elementor-widget elementor-widget-text-editor\" data-id=\"692853c4\" data-element_type=\"widget\" data-e-type=\"widget\" data-widget_type=\"text-editor.default\">\n\t\t\t\t<div class=\"elementor-widget-container\">\n\t\t\t\t\t\t\t\t\t<p><span class=\"TextRun SCXW40316887 BCX8\" lang=\"EN-GB\" xml:lang=\"EN-GB\" data-contrast=\"auto\"><span class=\"NormalTextRun SCXW40316887 BCX8\">Le lactide est un di-ester cyclique form\u00e9 <\/span><span class=\"NormalTextRun SCXW40316887 BCX8\">par condensation<\/span><span class=\"NormalTextRun SCXW40316887 BCX8\"> de deux mol\u00e9cules d&rsquo;acide lactique. Ce processus lib\u00e8re de l&rsquo;eau et cr\u00e9e une mol\u00e9cule cyclique connue sous le nom de lactide. Il existe sous trois formes isom\u00e9riques en raison de la nature chirale de l&rsquo;acide lactique : L-lactide, D-lactide et m\u00e9so-lactide  <\/span><span class=\"NormalTextRun SCXW40316887 BCX8\">.<\/span><\/span><span class=\"EOP SCXW40316887 BCX8\" data-ccp-props=\"{}\"> <\/span><\/p>\t\t\t\t\t\t\t\t<\/div>\n\t\t\t\t<\/div>\n\t\t\t\t<\/div>\n\t\t<div class=\"elementor-element elementor-element-44826bfb e-con-full e-flex e-con e-child\" data-id=\"44826bfb\" data-element_type=\"container\" data-e-type=\"container\">\n\t\t\t\t<div class=\"elementor-element elementor-element-3e0873ff elementor-widget elementor-widget-image\" data-id=\"3e0873ff\" data-element_type=\"widget\" data-e-type=\"widget\" data-widget_type=\"image.default\">\n\t\t\t\t<div class=\"elementor-widget-container\">\n\t\t\t\t\t\t\t\t\t\t\t\t\t\t\t<img fetchpriority=\"high\" decoding=\"async\" width=\"800\" height=\"450\" src=\"https:\/\/www.futerro.com\/wp-content\/uploads\/2025\/04\/WEBSITE-IMAGES-1920x1080-39-1024x576.png\" class=\"attachment-large size-large wp-image-3473\" alt=\"an image of a plant with a molecule in the background\" srcset=\"https:\/\/www.futerro.com\/wp-content\/uploads\/2025\/04\/WEBSITE-IMAGES-1920x1080-39-1024x576.png 1024w, https:\/\/www.futerro.com\/wp-content\/uploads\/2025\/04\/WEBSITE-IMAGES-1920x1080-39-300x169.png 300w, https:\/\/www.futerro.com\/wp-content\/uploads\/2025\/04\/WEBSITE-IMAGES-1920x1080-39-768x432.png 768w, https:\/\/www.futerro.com\/wp-content\/uploads\/2025\/04\/WEBSITE-IMAGES-1920x1080-39-1536x864.png 1536w, https:\/\/www.futerro.com\/wp-content\/uploads\/2025\/04\/WEBSITE-IMAGES-1920x1080-39.png 1920w\" sizes=\"(max-width: 800px) 100vw, 800px\" \/>\t\t\t\t\t\t\t\t\t\t\t\t\t\t\t<\/div>\n\t\t\t\t<\/div>\n\t\t\t\t<\/div>\n\t\t<div class=\"elementor-element elementor-element-383cfc4e e-con-full elementor-hidden-tablet elementor-hidden-mobile e-flex e-con e-child\" data-id=\"383cfc4e\" data-element_type=\"container\" data-e-type=\"container\" data-settings=\"{&quot;background_background&quot;:&quot;classic&quot;,&quot;position&quot;:&quot;absolute&quot;}\">\n\t\t\t\t<\/div>\n\t\t\t\t\t<\/div>\n\t\t\t\t<\/div>\n\t\t\t\t<\/div>\n\t\t<div class=\"elementor-element elementor-element-feabc46 e-con-full e-flex e-con e-parent\" data-id=\"feabc46\" data-element_type=\"container\" data-e-type=\"container\">\n\t\t<div class=\"elementor-element elementor-element-0b23425 e-flex e-con-boxed e-con e-child\" data-id=\"0b23425\" data-element_type=\"container\" data-e-type=\"container\" data-settings=\"{&quot;background_background&quot;:&quot;classic&quot;}\">\n\t\t\t\t\t<div class=\"e-con-inner\">\n\t\t<div class=\"elementor-element elementor-element-bea17df e-con-full e-flex e-con e-child\" data-id=\"bea17df\" data-element_type=\"container\" data-e-type=\"container\">\n\t\t\t\t<div class=\"elementor-element elementor-element-8d81cf3 elementor-widget elementor-widget-heading\" data-id=\"8d81cf3\" data-element_type=\"widget\" data-e-type=\"widget\" data-widget_type=\"heading.default\">\n\t\t\t\t<div class=\"elementor-widget-container\">\n\t\t\t\t\t<h6 class=\"elementor-heading-title elementor-size-default\">Qu'est-ce que le lactide ? <\/h6>\t\t\t\t<\/div>\n\t\t\t\t<\/div>\n\t\t\t\t<div class=\"elementor-element elementor-element-d8ba238 elementor-widget elementor-widget-heading\" data-id=\"d8ba238\" data-element_type=\"widget\" data-e-type=\"widget\" data-widget_type=\"heading.default\">\n\t\t\t\t<div class=\"elementor-widget-container\">\n\t\t\t\t\t<h2 class=\"elementor-heading-title elementor-size-default\">Principales applications du lactide <\/h2>\t\t\t\t<\/div>\n\t\t\t\t<\/div>\n\t\t\t\t<\/div>\n\t\t<div class=\"elementor-element elementor-element-2443771 e-con-full e-flex e-con e-child\" data-id=\"2443771\" data-element_type=\"container\" data-e-type=\"container\">\n\t\t\t\t<div class=\"elementor-element elementor-element-4132ff7 elementor-widget elementor-widget-text-editor\" data-id=\"4132ff7\" data-element_type=\"widget\" data-e-type=\"widget\" data-widget_type=\"text-editor.default\">\n\t\t\t\t<div class=\"elementor-widget-container\">\n\t\t\t\t\t\t\t\t\t<p><span data-contrast=\"auto\">Le lactide est principalement utilis\u00e9 pour synth\u00e9tiser du PLA \u00e0 haute masse molaire, qui a un large \u00e9ventail d&rsquo;applications.<\/span><span data-ccp-props=\"{}\"> <\/span><\/p><p><span data-contrast=\"auto\">Le lactide peut \u00e9galement \u00eatre utilis\u00e9 pour produire de nouveaux mat\u00e9riaux. La copolym\u00e9risation du lactide avec un autre monom\u00e8re peut donner un polym\u00e8re aux propri\u00e9t\u00e9s sur mesure, telles qu&rsquo;une flexibilit\u00e9 accrue, une meilleure r\u00e9sistance et un taux de d\u00e9gradation modifi\u00e9. Voici quelques exemples de copolym\u00e8res :  <\/span><span data-ccp-props=\"{}\"> <\/span><\/p>\t\t\t\t\t\t\t\t<\/div>\n\t\t\t\t<\/div>\n\t\t\t\t<\/div>\n\t\t<div class=\"elementor-element elementor-element-c38c89b e-con-full e-flex e-con e-child\" data-id=\"c38c89b\" data-element_type=\"container\" data-e-type=\"container\">\n\t\t\t\t<div class=\"elementor-element elementor-element-552491b elementor-widget elementor-widget-text-editor\" data-id=\"552491b\" data-element_type=\"widget\" data-e-type=\"widget\" data-widget_type=\"text-editor.default\">\n\t\t\t\t<div class=\"elementor-widget-container\">\n\t\t\t\t\t\t\t\t\t<ul><li data-leveltext=\"\uf0b7\" data-font=\"Symbol\" data-listid=\"10\" data-list-defn-props=\"{\"335552541\":1,\"335559685\":720,\"335559991\":360,\"469769226\":\"Symbol\",\"469769242\":[8226],\"469777803\":\"left\",\"469777804\":\"\uf0b7\",\"469777815\":\"hybridMultilevel\"}\" aria-setsize=\"-1\" data-aria-posinset=\"23\" data-aria-level=\"1\"><b><span data-contrast=\"auto\">PLGA<\/span><\/b><span data-contrast=\"auto\"> : Le lactide peut \u00eatre copolym\u00e9ris\u00e9 avec le glycolide pour former l&rsquo;acide poly-lactique-co-glycolique (PLGA), qui est un autre polym\u00e8re biod\u00e9gradable<\/span> <span data-ccp-props=\"{}\"> <\/span><\/li><\/ul><ul><li data-leveltext=\"\uf0b7\" data-font=\"Symbol\" data-listid=\"10\" data-list-defn-props=\"{\"335552541\":1,\"335559685\":720,\"335559991\":360,\"469769226\":\"Symbol\",\"469769242\":[8226],\"469777803\":\"left\",\"469777804\":\"\uf0b7\",\"469777815\":\"hybridMultilevel\"}\" aria-setsize=\"-1\" data-aria-posinset=\"24\" data-aria-level=\"1\"><b><span data-contrast=\"auto\">PLCL<\/span><\/b><span data-contrast=\"auto\"> : Le lactide peut \u00eatre copolym\u00e9ris\u00e9 avec la caprolactone pour former le poly-lactide-co-caprolactone (PLCL), qui est un polym\u00e8re biod\u00e9gradable aux propri\u00e9t\u00e9s m\u00e9caniques am\u00e9lior\u00e9es par rapport au PLA traditionnel<\/span><\/li><\/ul><ul><li data-leveltext=\"\uf0b7\" data-font=\"Symbol\" data-listid=\"10\" data-list-defn-props=\"{\"335552541\":1,\"335559685\":720,\"335559991\":360,\"469769226\":\"Symbol\",\"469769242\":[8226],\"469777803\":\"left\",\"469777804\":\"\uf0b7\",\"469777815\":\"hybridMultilevel\"}\" aria-setsize=\"-1\" data-aria-posinset=\"25\" data-aria-level=\"1\"><b><span data-contrast=\"auto\">PLTMC<\/span><\/b><span data-contrast=\"auto\"> : Le lactide peut \u00eatre copolym\u00e9ris\u00e9 avec le carbonate de trim\u00e9thyl\u00e8ne pour former le poly-lactide-co-carbonate de trim\u00e9thyl\u00e8ne, qui est un polym\u00e8re biod\u00e9gradable avec une flexibilit\u00e9 accrue par rapport au PLA traditionnel<\/span><\/li><\/ul>\t\t\t\t\t\t\t\t<\/div>\n\t\t\t\t<\/div>\n\t\t\t\t<\/div>\n\t\t\t\t\t<\/div>\n\t\t\t\t<\/div>\n\t\t\t\t<\/div>\n\t\t<div class=\"elementor-element elementor-element-c78677e e-flex e-con-boxed e-con e-parent\" data-id=\"c78677e\" data-element_type=\"container\" data-e-type=\"container\" data-settings=\"{&quot;background_background&quot;:&quot;classic&quot;}\">\n\t\t\t\t\t<div class=\"e-con-inner\">\n\t\t<div class=\"elementor-element elementor-element-7c46e8f e-con-full e-flex e-con e-child\" data-id=\"7c46e8f\" data-element_type=\"container\" data-e-type=\"container\" data-settings=\"{&quot;background_background&quot;:&quot;classic&quot;}\">\n\t\t<div class=\"elementor-element elementor-element-2a9b656 e-con-full e-flex e-con e-child\" data-id=\"2a9b656\" data-element_type=\"container\" data-e-type=\"container\">\n\t\t\t\t<div class=\"elementor-element elementor-element-57efc3a elementor-widget elementor-widget-heading\" data-id=\"57efc3a\" data-element_type=\"widget\" data-e-type=\"widget\" data-widget_type=\"heading.default\">\n\t\t\t\t<div class=\"elementor-widget-container\">\n\t\t\t\t\t<h3 class=\"elementor-heading-title elementor-size-default\">Notre gamme de produits<\/h3>\t\t\t\t<\/div>\n\t\t\t\t<\/div>\n\t\t\t\t<div class=\"elementor-element elementor-element-dc4d2e0 elementor-widget elementor-widget-text-editor\" data-id=\"dc4d2e0\" data-element_type=\"widget\" data-e-type=\"widget\" data-widget_type=\"text-editor.default\">\n\t\t\t\t<div class=\"elementor-widget-container\">\n\t\t\t\t\t\t\t\t\t<p class=\"\" data-start=\"94\" data-end=\"279\"><span class=\"TextRun SCXW251286400 BCX8\" lang=\"EN-GB\" xml:lang=\"EN-GB\" data-contrast=\"auto\"><span class=\"NormalTextRun SCXW251286400 BCX8\">Futerro<\/span><span class=\"NormalTextRun SCXW251286400 BCX8\"> peut fournir de plus amples informations sur nos grades de <\/span><span class=\"NormalTextRun SCXW251286400 BCX8\">Futeon<\/span><span class=\"NormalTextRun SCXW251286400 BCX8\">\u2122<\/span><span class=\"NormalTextRun SCXW251286400 BCX8\"> LD sur demande. Veuillez contacter directement notre service commercial.  <\/span><\/span><span class=\"EOP SCXW251286400 BCX8\" data-ccp-props=\"{}\"> <\/span><\/p>\t\t\t\t\t\t\t\t<\/div>\n\t\t\t\t<\/div>\n\t\t\t\t<\/div>\n\t\t<div class=\"elementor-element elementor-element-2f7a7d7 e-con-full e-flex e-con e-child\" data-id=\"2f7a7d7\" data-element_type=\"container\" data-e-type=\"container\">\n\t\t\t\t<div class=\"elementor-element elementor-element-d50cdbc elementor-widget elementor-widget-button\" data-id=\"d50cdbc\" data-element_type=\"widget\" data-e-type=\"widget\" data-widget_type=\"button.default\">\n\t\t\t\t<div class=\"elementor-widget-container\">\n\t\t\t\t\t\t\t\t\t<div class=\"elementor-button-wrapper\">\n\t\t\t\t\t<a class=\"elementor-button elementor-button-link elementor-size-sm\" href=\"https:\/\/www.futerro.com\/fr\/contact\/\">\n\t\t\t\t\t\t<span class=\"elementor-button-content-wrapper\">\n\t\t\t\t\t\t\t\t\t<span class=\"elementor-button-text\">Contactez-nous<\/span>\n\t\t\t\t\t<\/span>\n\t\t\t\t\t<\/a>\n\t\t\t\t<\/div>\n\t\t\t\t\t\t\t\t<\/div>\n\t\t\t\t<\/div>\n\t\t\t\t<\/div>\n\t\t\t\t<\/div>\n\t\t\t\t\t<\/div>\n\t\t\t\t<\/div>\n\t\t<div class=\"elementor-element elementor-element-f5ad83b e-flex e-con-boxed e-con e-parent\" data-id=\"f5ad83b\" data-element_type=\"container\" data-e-type=\"container\">\n\t\t\t\t\t<div class=\"e-con-inner\">\n\t\t\t\t<div class=\"elementor-element elementor-element-0c9b504 elementor-widget elementor-widget-spacer\" data-id=\"0c9b504\" data-element_type=\"widget\" data-e-type=\"widget\" data-widget_type=\"spacer.default\">\n\t\t\t\t<div class=\"elementor-widget-container\">\n\t\t\t\t\t\t\t<div class=\"elementor-spacer\">\n\t\t\t<div class=\"elementor-spacer-inner\"><\/div>\n\t\t<\/div>\n\t\t\t\t\t\t<\/div>\n\t\t\t\t<\/div>\n\t\t\t\t\t<\/div>\n\t\t\t\t<\/div>\n\t\t\t\t<\/div>\n\t\t","protected":false},"excerpt":{"rendered":"<p>Futeon\u2122 se d\u00e9cline \u00e9galement en une gamme de lactides (LD), une mol\u00e9cule bio-sourc\u00e9e, dont vous pouvez obtenir plus d&rsquo;informations sur simple demande. <\/p>\n","protected":false},"author":2,"featured_media":3275,"parent":4561,"menu_order":0,"comment_status":"closed","ping_status":"closed","template":"","meta":{"_acf_changed":false,"_seopress_robots_primary_cat":"","_seopress_titles_title":"","_seopress_titles_desc":"","_seopress_robots_index":"","inline_featured_image":false,"footnotes":""},"class_list":["post-4538","page","type-page","status-publish","has-post-thumbnail","hentry"],"acf":[],"_links":{"self":[{"href":"https:\/\/www.futerro.com\/fr\/wp-json\/wp\/v2\/pages\/4538","targetHints":{"allow":["GET"]}}],"collection":[{"href":"https:\/\/www.futerro.com\/fr\/wp-json\/wp\/v2\/pages"}],"about":[{"href":"https:\/\/www.futerro.com\/fr\/wp-json\/wp\/v2\/types\/page"}],"author":[{"embeddable":true,"href":"https:\/\/www.futerro.com\/fr\/wp-json\/wp\/v2\/users\/2"}],"replies":[{"embeddable":true,"href":"https:\/\/www.futerro.com\/fr\/wp-json\/wp\/v2\/comments?post=4538"}],"version-history":[{"count":4,"href":"https:\/\/www.futerro.com\/fr\/wp-json\/wp\/v2\/pages\/4538\/revisions"}],"predecessor-version":[{"id":7528,"href":"https:\/\/www.futerro.com\/fr\/wp-json\/wp\/v2\/pages\/4538\/revisions\/7528"}],"up":[{"embeddable":true,"href":"https:\/\/www.futerro.com\/fr\/wp-json\/wp\/v2\/pages\/4561"}],"wp:featuredmedia":[{"embeddable":true,"href":"https:\/\/www.futerro.com\/fr\/wp-json\/wp\/v2\/media\/3275"}],"wp:attachment":[{"href":"https:\/\/www.futerro.com\/fr\/wp-json\/wp\/v2\/media?parent=4538"}],"curies":[{"name":"wp","href":"https:\/\/api.w.org\/{rel}","templated":true}]}}