{"id":4550,"date":"2025-03-26T08:50:26","date_gmt":"2025-03-26T08:50:26","guid":{"rendered":"https:\/\/www.futerro.com\/fournisseur-de-solutions\/"},"modified":"2025-12-30T16:17:42","modified_gmt":"2025-12-30T15:17:42","slug":"fournisseur-de-solutions","status":"publish","type":"page","link":"https:\/\/www.futerro.com\/fr\/produits\/fournisseur-de-solutions\/","title":{"rendered":"Prestataire de solutions"},"content":{"rendered":"\t\t<div data-elementor-type=\"wp-page\" data-elementor-id=\"4550\" class=\"elementor elementor-4550 elementor-387\" data-elementor-post-type=\"page\">\n\t\t\t\t<div class=\"elementor-element elementor-element-c07697b e-flex e-con-boxed e-con e-parent\" data-id=\"c07697b\" data-element_type=\"container\" data-e-type=\"container\">\n\t\t\t\t\t<div class=\"e-con-inner\">\n\t\t<div class=\"elementor-element elementor-element-3309db3 e-con-full e-flex e-con e-child\" data-id=\"3309db3\" data-element_type=\"container\" data-e-type=\"container\">\n\t\t\t\t<div class=\"elementor-element elementor-element-63e2955 elementor-widget elementor-widget-text-editor\" data-id=\"63e2955\" data-element_type=\"widget\" data-e-type=\"widget\" data-widget_type=\"text-editor.default\">\n\t\t\t\t<div class=\"elementor-widget-container\">\n\t\t\t\t\t\t\t\t\t<p><span class=\"TextRun SCXW29502194 BCX8\" lang=\"EN-GB\" xml:lang=\"EN-GB\" data-contrast=\"auto\"><span class=\"NormalTextRun SCXW29502194 BCX8\">Vous avez une id\u00e9e sp\u00e9cifique pour un nouveau produit innovant en <\/span><span class=\"NormalTextRun SCXW29502194 BCX8\">Futeon<\/span><span class=\"NormalTextRun SCXW29502194 BCX8\">\u2122<\/span><span class=\"NormalTextRun SCXW29502194 BCX8\">? Vous pouvez contacter directement notre \u00e9quipe pour obtenir de l&rsquo;aide.  <\/span><span class=\"NormalTextRun SCXW29502194 BCX8\">Futerro<\/span><span class=\"NormalTextRun SCXW29502194 BCX8\"> assure la planification et la gestion de vos \u00e9tudes pour garantir la coh\u00e9rence et le succ\u00e8s des projets qui nous sont confi\u00e9s. La transparence envers nos clients est une priorit\u00e9 : documentation et communication de gestion claires, gestion dynamique des risques et  <\/span><span class=\"NormalTextRun SCXW29502194 BCX8\">remont\u00e9e d&rsquo;informations<\/span><span class=\"NormalTextRun SCXW29502194 BCX8\"> pr\u00e9cise et efficace.<\/span><\/span><span class=\"EOP SCXW29502194 BCX8\" data-ccp-props=\"{}\"> <\/span><\/p>\t\t\t\t\t\t\t\t<\/div>\n\t\t\t\t<\/div>\n\t\t\t\t<\/div>\n\t\t<div class=\"elementor-element elementor-element-512559d e-con-full e-flex e-con e-child\" data-id=\"512559d\" data-element_type=\"container\" data-e-type=\"container\">\n\t\t\t\t<div class=\"elementor-element elementor-element-46f51a9 elementor-widget elementor-widget-text-editor\" data-id=\"46f51a9\" data-element_type=\"widget\" data-e-type=\"widget\" data-widget_type=\"text-editor.default\">\n\t\t\t\t<div class=\"elementor-widget-container\">\n\t\t\t\t\t\t\t\t\t<p><span class=\"TextRun SCXW100104981 BCX8\" lang=\"EN-GB\" xml:lang=\"EN-GB\" data-contrast=\"auto\">Nos normes de qualit\u00e9 nous permettent de g\u00e9rer nos \u00e9tudes de mani\u00e8re centralis\u00e9e, garantissant ainsi une communication fluide entre les services de nos clients, Futerro et les autres centres d&rsquo;expertise impliqu\u00e9s dans nos projets.<\/span><span class=\"EOP SCXW100104981 BCX8\" data-ccp-props=\"{}\"> <\/span><\/p>\t\t\t\t\t\t\t\t<\/div>\n\t\t\t\t<\/div>\n\t\t\t\t<\/div>\n\t\t\t\t\t<\/div>\n\t\t\t\t<\/div>\n\t\t<div class=\"elementor-element elementor-element-e590000 e-flex e-con-boxed e-con e-parent\" data-id=\"e590000\" data-element_type=\"container\" data-e-type=\"container\">\n\t\t\t\t\t<div class=\"e-con-inner\">\n\t\t<div class=\"elementor-element elementor-element-3171460 e-con-full e-flex e-con e-child\" data-id=\"3171460\" data-element_type=\"container\" data-e-type=\"container\">\n\t\t\t\t<div class=\"elementor-element elementor-element-d0722da elementor-widget elementor-widget-heading\" data-id=\"d0722da\" data-element_type=\"widget\" data-e-type=\"widget\" data-widget_type=\"heading.default\">\n\t\t\t\t<div class=\"elementor-widget-container\">\n\t\t\t\t\t<h3 class=\"elementor-heading-title elementor-size-default\">ANALYSE EN LABORATOIRE <\/h3>\t\t\t\t<\/div>\n\t\t\t\t<\/div>\n\t\t\t\t<div class=\"elementor-element elementor-element-d3d9c5e elementor-widget elementor-widget-text-editor\" data-id=\"d3d9c5e\" data-element_type=\"widget\" data-e-type=\"widget\" data-widget_type=\"text-editor.default\">\n\t\t\t\t<div class=\"elementor-widget-container\">\n\t\t\t\t\t\t\t\t\t<p><span class=\"TextRun SCXW84913469 BCX8\" lang=\"EN-GB\" xml:lang=\"EN-GB\" data-contrast=\"auto\"><span class=\"NormalTextRun SCXW84913469 BCX8\">Vous \u00eates habitu\u00e9 \u00e0 utiliser des polym\u00e8res traditionnels \u00e0 base de fossiles tels que le PS, le PET, le PP ou le PE et vous h\u00e9sitez \u00e0 passer au <\/span><span class=\"NormalTextRun SCXW84913469 BCX8\">Futeon<\/span><span class=\"NormalTextRun SCXW84913469 BCX8\">\u2122<\/span><span class=\"NormalTextRun SCXW84913469 BCX8\"> ?<\/span><span class=\"NormalTextRun SCXW84913469 BCX8\"> Nos laboratoires, <\/span><span class=\"NormalTextRun SCXW84913469 BCX8\">\u00e9quipements<\/span><span class=\"NormalTextRun SCXW84913469 BCX8\">, <\/span><span class=\"NormalTextRun SCXW84913469 BCX8\">expertise<\/span><span class=\"NormalTextRun SCXW84913469 BCX8\"> et sp\u00e9cialistes d\u00e9di\u00e9s sont l\u00e0 pour r\u00e9pondre \u00e0 toutes vos questions techniques et caract\u00e9riser vos besoins.<\/span><\/span><span class=\"EOP SCXW84913469 BCX8\" data-ccp-props=\"{}\"> <\/span><\/p>\t\t\t\t\t\t\t\t<\/div>\n\t\t\t\t<\/div>\n\t\t\t\t<\/div>\n\t\t<div class=\"elementor-element elementor-element-559e6d0 e-con-full e-flex e-con e-child\" data-id=\"559e6d0\" data-element_type=\"container\" data-e-type=\"container\">\n\t\t\t\t<div class=\"elementor-element elementor-element-987c972 elementor-widget elementor-widget-heading\" data-id=\"987c972\" data-element_type=\"widget\" data-e-type=\"widget\" data-widget_type=\"heading.default\">\n\t\t\t\t<div class=\"elementor-widget-container\">\n\t\t\t\t\t<h3 class=\"elementor-heading-title elementor-size-default\">CO-D\u00c9VELOPPEMENT <\/h3>\t\t\t\t<\/div>\n\t\t\t\t<\/div>\n\t\t\t\t<div class=\"elementor-element elementor-element-ea0926b elementor-widget elementor-widget-text-editor\" data-id=\"ea0926b\" data-element_type=\"widget\" data-e-type=\"widget\" data-widget_type=\"text-editor.default\">\n\t\t\t\t<div class=\"elementor-widget-container\">\n\t\t\t\t\t\t\t\t\t<p><span class=\"TextRun SCXW108497269 BCX8\" lang=\"EN-GB\" xml:lang=\"EN-GB\" data-contrast=\"auto\"><span class=\"NormalTextRun SCXW108497269 BCX8\">Vous recherchez un grade <\/span><span class=\"NormalTextRun SCXW108497269 BCX8\">Futeon<\/span><span class=\"NormalTextRun SCXW108497269 BCX8\">\u2122<\/span><span class=\"NormalTextRun SCXW108497269 BCX8\"> d\u00e9di\u00e9 pour des applications <\/span><span class=\"NormalTextRun SCXW108497269 BCX8\">tr\u00e8s sp\u00e9cifiques<\/span><span class=\"NormalTextRun SCXW108497269 BCX8\"> , ou avez besoin d&rsquo;un partenaire pour d\u00e9velopper une innovation r\u00e9volutionnaire li\u00e9e aux bioplastiques ? Vous pouvez contacter directement notre \u00e9quipe pour qualifier votre projet et obtenir du soutien. <\/span><\/span><span class=\"EOP SCXW108497269 BCX8\" data-ccp-props=\"{}\"> <\/span><\/p>\t\t\t\t\t\t\t\t<\/div>\n\t\t\t\t<\/div>\n\t\t\t\t<\/div>\n\t\t<div class=\"elementor-element elementor-element-da0dfb9 e-con-full e-flex e-con e-child\" data-id=\"da0dfb9\" data-element_type=\"container\" data-e-type=\"container\">\n\t\t\t\t<div class=\"elementor-element elementor-element-15cc7cf elementor-widget elementor-widget-heading\" data-id=\"15cc7cf\" data-element_type=\"widget\" data-e-type=\"widget\" data-widget_type=\"heading.default\">\n\t\t\t\t<div class=\"elementor-widget-container\">\n\t\t\t\t\t<h3 class=\"elementor-heading-title elementor-size-default\">TESTS DE RECYCLABILIT\u00c9 <\/h3>\t\t\t\t<\/div>\n\t\t\t\t<\/div>\n\t\t\t\t<div class=\"elementor-element elementor-element-fd62008 elementor-widget elementor-widget-text-editor\" data-id=\"fd62008\" data-element_type=\"widget\" data-e-type=\"widget\" data-widget_type=\"text-editor.default\">\n\t\t\t\t<div class=\"elementor-widget-container\">\n\t\t\t\t\t\t\t\t\t<p><span class=\"TextRun SCXW199765397 BCX8\" lang=\"EN-GB\" xml:lang=\"EN-GB\" data-contrast=\"auto\"><span class=\"NormalTextRun SCXW199765397 BCX8\">Vous utilisez <\/span><span class=\"NormalTextRun SCXW199765397 BCX8\">Futeon<\/span><span class=\"NormalTextRun SCXW199765397 BCX8\">\u2122,<\/span><span class=\"NormalTextRun SCXW199765397 BCX8\"> mais ajoutez des compounds et\/ou additifs, et vous souhaitez les recycler ? Vous pouvez nous envoyer des \u00e9chantillons pour \u00eatre \u00e9valu\u00e9s par nos sp\u00e9cialistes  <\/span><span class=\"NormalTextRun SCXW199765397 BCX8\">Loopla\u2122<\/span><span class=\"NormalTextRun SCXW199765397 BCX8\">, qui <\/span><span class=\"NormalTextRun SCXW199765397 BCX8\">analyseront<\/span><span class=\"NormalTextRun SCXW199765397 BCX8\"> directement la faisabilit\u00e9 de votre projet en laboratoire et en production.<\/span><\/span><span class=\"EOP SCXW199765397 BCX8\" data-ccp-props=\"{}\"> <\/span><\/p>\t\t\t\t\t\t\t\t<\/div>\n\t\t\t\t<\/div>\n\t\t\t\t<\/div>\n\t\t\t\t\t<\/div>\n\t\t\t\t<\/div>\n\t\t<div class=\"elementor-element elementor-element-ec11483 e-flex e-con-boxed e-con e-parent\" data-id=\"ec11483\" data-element_type=\"container\" data-e-type=\"container\">\n\t\t\t\t\t<div class=\"e-con-inner\">\n\t\t\t\t<div class=\"elementor-element elementor-element-b368bfc elementor-widget elementor-widget-spacer\" data-id=\"b368bfc\" data-element_type=\"widget\" data-e-type=\"widget\" data-widget_type=\"spacer.default\">\n\t\t\t\t<div class=\"elementor-widget-container\">\n\t\t\t\t\t\t\t<div class=\"elementor-spacer\">\n\t\t\t<div class=\"elementor-spacer-inner\"><\/div>\n\t\t<\/div>\n\t\t\t\t\t\t<\/div>\n\t\t\t\t<\/div>\n\t\t<div class=\"elementor-element elementor-element-c3475d8 e-con-full e-flex e-con e-child\" data-id=\"c3475d8\" data-element_type=\"container\" data-e-type=\"container\">\n\t\t<div class=\"elementor-element elementor-element-5062c9a e-con-full e-flex e-con e-child\" data-id=\"5062c9a\" data-element_type=\"container\" data-e-type=\"container\" data-settings=\"{&quot;background_background&quot;:&quot;classic&quot;}\">\n\t\t<div class=\"elementor-element elementor-element-c0c7f8a e-con-full e-flex e-con e-child\" data-id=\"c0c7f8a\" data-element_type=\"container\" data-e-type=\"container\">\n\t\t\t\t<div class=\"elementor-element elementor-element-c69836a elementor-widget elementor-widget-heading\" data-id=\"c69836a\" data-element_type=\"widget\" data-e-type=\"widget\" data-widget_type=\"heading.default\">\n\t\t\t\t<div class=\"elementor-widget-container\">\n\t\t\t\t\t<h3 class=\"elementor-heading-title elementor-size-default\"><h3 class=\"elementor-heading-title elementor-size-default elementor-inline-editing pen\" data-elementor-setting-key=\"title\" data-pen-placeholder=\"Type Here...\">Pr\u00eat pour le changement ?<\/h3><\/h3>\t\t\t\t<\/div>\n\t\t\t\t<\/div>\n\t\t\t\t<div class=\"elementor-element elementor-element-3b76e47 elementor-widget elementor-widget-text-editor\" data-id=\"3b76e47\" data-element_type=\"widget\" data-e-type=\"widget\" data-widget_type=\"text-editor.default\">\n\t\t\t\t<div class=\"elementor-widget-container\">\n\t\t\t\t\t\t\t\t\t<p>Notre \u00e9quipe est l\u00e0 pour vous accompagner dans votre transition vers des solutions plus durables. Contactez-nous d\u00e8s aujourd&rsquo;hui ! <\/p>\t\t\t\t\t\t\t\t<\/div>\n\t\t\t\t<\/div>\n\t\t\t\t<\/div>\n\t\t<div class=\"elementor-element elementor-element-0e899de e-con-full e-flex e-con e-child\" data-id=\"0e899de\" data-element_type=\"container\" data-e-type=\"container\">\n\t\t\t\t<div class=\"elementor-element elementor-element-1948105 elementor-widget elementor-widget-button\" data-id=\"1948105\" data-element_type=\"widget\" data-e-type=\"widget\" data-widget_type=\"button.default\">\n\t\t\t\t<div class=\"elementor-widget-container\">\n\t\t\t\t\t\t\t\t\t<div class=\"elementor-button-wrapper\">\n\t\t\t\t\t<a class=\"elementor-button elementor-button-link elementor-size-sm\" href=\"https:\/\/www.futerro.com\/fr\/contact\/\">\n\t\t\t\t\t\t<span class=\"elementor-button-content-wrapper\">\n\t\t\t\t\t\t\t\t\t<span class=\"elementor-button-text\">Contactez-nous<\/span>\n\t\t\t\t\t<\/span>\n\t\t\t\t\t<\/a>\n\t\t\t\t<\/div>\n\t\t\t\t\t\t\t\t<\/div>\n\t\t\t\t<\/div>\n\t\t\t\t<\/div>\n\t\t\t\t<\/div>\n\t\t\t\t<\/div>\n\t\t\t\t<div class=\"elementor-element elementor-element-4ae9b0f elementor-widget elementor-widget-spacer\" data-id=\"4ae9b0f\" data-element_type=\"widget\" data-e-type=\"widget\" data-widget_type=\"spacer.default\">\n\t\t\t\t<div class=\"elementor-widget-container\">\n\t\t\t\t\t\t\t<div class=\"elementor-spacer\">\n\t\t\t<div class=\"elementor-spacer-inner\"><\/div>\n\t\t<\/div>\n\t\t\t\t\t\t<\/div>\n\t\t\t\t<\/div>\n\t\t\t\t\t<\/div>\n\t\t\t\t<\/div>\n\t\t\t\t<\/div>\n\t\t","protected":false},"excerpt":{"rendered":"<p>Chez Futerro, nous savons \u00e0 quel point il peut sembler difficile de passer d&rsquo;un mod\u00e8le \u00e9conomique existant \u00e0 un mod\u00e8le durable. C&rsquo;est pourquoi nos ing\u00e9nieurs et scientifiques vous accompagnent dans votre transition \u00e9cologique. Gr\u00e2ce \u00e0 plus de 30 ans d&rsquo;exp\u00e9rience, nous offrons une large gamme de services de soutien.   <\/p>\n","protected":false},"author":2,"featured_media":3471,"parent":4561,"menu_order":0,"comment_status":"closed","ping_status":"closed","template":"","meta":{"_acf_changed":false,"_seopress_robots_primary_cat":"","_seopress_titles_title":"","_seopress_titles_desc":"","_seopress_robots_index":"","inline_featured_image":false,"footnotes":""},"class_list":["post-4550","page","type-page","status-publish","has-post-thumbnail","hentry"],"acf":[],"_links":{"self":[{"href":"https:\/\/www.futerro.com\/fr\/wp-json\/wp\/v2\/pages\/4550","targetHints":{"allow":["GET"]}}],"collection":[{"href":"https:\/\/www.futerro.com\/fr\/wp-json\/wp\/v2\/pages"}],"about":[{"href":"https:\/\/www.futerro.com\/fr\/wp-json\/wp\/v2\/types\/page"}],"author":[{"embeddable":true,"href":"https:\/\/www.futerro.com\/fr\/wp-json\/wp\/v2\/users\/2"}],"replies":[{"embeddable":true,"href":"https:\/\/www.futerro.com\/fr\/wp-json\/wp\/v2\/comments?post=4550"}],"version-history":[{"count":4,"href":"https:\/\/www.futerro.com\/fr\/wp-json\/wp\/v2\/pages\/4550\/revisions"}],"predecessor-version":[{"id":7521,"href":"https:\/\/www.futerro.com\/fr\/wp-json\/wp\/v2\/pages\/4550\/revisions\/7521"}],"up":[{"embeddable":true,"href":"https:\/\/www.futerro.com\/fr\/wp-json\/wp\/v2\/pages\/4561"}],"wp:featuredmedia":[{"embeddable":true,"href":"https:\/\/www.futerro.com\/fr\/wp-json\/wp\/v2\/media\/3471"}],"wp:attachment":[{"href":"https:\/\/www.futerro.com\/fr\/wp-json\/wp\/v2\/media?parent=4550"}],"curies":[{"name":"wp","href":"https:\/\/api.w.org\/{rel}","templated":true}]}}