{"id":4579,"date":"2025-03-19T08:36:20","date_gmt":"2025-03-19T08:36:20","guid":{"rendered":"https:\/\/www.futerro.com\/equipe\/"},"modified":"2025-09-09T12:05:26","modified_gmt":"2025-09-09T12:05:26","slug":"equipe","status":"publish","type":"page","link":"https:\/\/www.futerro.com\/fr\/a-propos-de-futerro\/equipe\/","title":{"rendered":"\u00c9quipe"},"content":{"rendered":"\t\t<div data-elementor-type=\"wp-page\" data-elementor-id=\"4579\" class=\"elementor elementor-4579 elementor-292\" data-elementor-post-type=\"page\">\n\t\t\t\t<div class=\"elementor-element elementor-element-f753b4e e-flex e-con-boxed e-con e-parent\" data-id=\"f753b4e\" data-element_type=\"container\" data-e-type=\"container\">\n\t\t\t\t\t<div class=\"e-con-inner\">\n\t\t\t\t<div class=\"elementor-element elementor-element-c4b43d9 elementor-grid-3 elementor-grid-tablet-2 elementor-grid-mobile-1 elementor-widget elementor-widget-loop-grid\" data-id=\"c4b43d9\" data-element_type=\"widget\" data-e-type=\"widget\" data-settings=\"{&quot;template_id&quot;:5009,&quot;_skin&quot;:&quot;post&quot;,&quot;columns&quot;:&quot;3&quot;,&quot;columns_tablet&quot;:&quot;2&quot;,&quot;columns_mobile&quot;:&quot;1&quot;,&quot;edit_handle_selector&quot;:&quot;[data-elementor-type=\\&quot;loop-item\\&quot;]&quot;,&quot;row_gap&quot;:{&quot;unit&quot;:&quot;px&quot;,&quot;size&quot;:&quot;&quot;,&quot;sizes&quot;:[]},&quot;row_gap_laptop&quot;:{&quot;unit&quot;:&quot;px&quot;,&quot;size&quot;:&quot;&quot;,&quot;sizes&quot;:[]},&quot;row_gap_tablet&quot;:{&quot;unit&quot;:&quot;px&quot;,&quot;size&quot;:&quot;&quot;,&quot;sizes&quot;:[]},&quot;row_gap_mobile&quot;:{&quot;unit&quot;:&quot;px&quot;,&quot;size&quot;:&quot;&quot;,&quot;sizes&quot;:[]}}\" data-widget_type=\"loop-grid.post\">\n\t\t\t\t<div class=\"elementor-widget-container\">\n\t\t\t\t\t\t\t<div class=\"e-loop-nothing-found-message\">\n\t\t<\/div>\n\t\t\t\t\t\t<\/div>\n\t\t\t\t<\/div>\n\t\t\t\t<div class=\"elementor-element elementor-element-08b655b elementor-widget elementor-widget-spacer\" data-id=\"08b655b\" data-element_type=\"widget\" data-e-type=\"widget\" data-widget_type=\"spacer.default\">\n\t\t\t\t<div class=\"elementor-widget-container\">\n\t\t\t\t\t\t\t<div class=\"elementor-spacer\">\n\t\t\t<div class=\"elementor-spacer-inner\"><\/div>\n\t\t<\/div>\n\t\t\t\t\t\t<\/div>\n\t\t\t\t<\/div>\n\t\t\t\t\t<\/div>\n\t\t\t\t<\/div>\n\t\t\t\t<\/div>\n\t\t","protected":false},"excerpt":{"rendered":"<p>Rencontrez notre \u00e9quipe de direction exp\u00e9riment\u00e9e et d\u00e9vou\u00e9e, \u0153uvrant pour une transition \u00e9cologique gr\u00e2ce \u00e0 Futerro. <\/p>\n","protected":false},"author":2,"featured_media":3757,"parent":4612,"menu_order":0,"comment_status":"closed","ping_status":"closed","template":"","meta":{"_acf_changed":false,"_seopress_robots_primary_cat":"","_seopress_titles_title":"","_seopress_titles_desc":"","_seopress_robots_index":"","inline_featured_image":false,"footnotes":""},"class_list":["post-4579","page","type-page","status-publish","has-post-thumbnail","hentry"],"acf":[],"_links":{"self":[{"href":"https:\/\/www.futerro.com\/fr\/wp-json\/wp\/v2\/pages\/4579","targetHints":{"allow":["GET"]}}],"collection":[{"href":"https:\/\/www.futerro.com\/fr\/wp-json\/wp\/v2\/pages"}],"about":[{"href":"https:\/\/www.futerro.com\/fr\/wp-json\/wp\/v2\/types\/page"}],"author":[{"embeddable":true,"href":"https:\/\/www.futerro.com\/fr\/wp-json\/wp\/v2\/users\/2"}],"replies":[{"embeddable":true,"href":"https:\/\/www.futerro.com\/fr\/wp-json\/wp\/v2\/comments?post=4579"}],"version-history":[{"count":1,"href":"https:\/\/www.futerro.com\/fr\/wp-json\/wp\/v2\/pages\/4579\/revisions"}],"predecessor-version":[{"id":4580,"href":"https:\/\/www.futerro.com\/fr\/wp-json\/wp\/v2\/pages\/4579\/revisions\/4580"}],"up":[{"embeddable":true,"href":"https:\/\/www.futerro.com\/fr\/wp-json\/wp\/v2\/pages\/4612"}],"wp:featuredmedia":[{"embeddable":true,"href":"https:\/\/www.futerro.com\/fr\/wp-json\/wp\/v2\/media\/3757"}],"wp:attachment":[{"href":"https:\/\/www.futerro.com\/fr\/wp-json\/wp\/v2\/media?parent=4579"}],"curies":[{"name":"wp","href":"https:\/\/api.w.org\/{rel}","templated":true}]}}