{"id":5436,"date":"2025-03-13T09:46:44","date_gmt":"2025-03-13T09:46:44","guid":{"rendered":"https:\/\/www.futerro.com\/pla-vs-plastiques-traditionnels\/"},"modified":"2026-01-02T08:54:20","modified_gmt":"2026-01-02T07:54:20","slug":"pla-vs-plastiques-traditionnels","status":"publish","type":"page","link":"https:\/\/www.futerro.com\/fr\/a-propos-du-pla\/pla-vs-plastiques-traditionnels\/","title":{"rendered":"PLA vs plastiques traditionnels"},"content":{"rendered":"\t\t<div data-elementor-type=\"wp-page\" data-elementor-id=\"5436\" class=\"elementor elementor-5436 elementor-49\" data-elementor-post-type=\"page\">\n\t\t\t\t<div class=\"elementor-element elementor-element-4bc0115c e-con-full e-flex e-con e-parent\" data-id=\"4bc0115c\" data-element_type=\"container\" data-e-type=\"container\">\n\t\t<div class=\"elementor-element elementor-element-2118c240 e-flex e-con-boxed e-con e-child\" data-id=\"2118c240\" data-element_type=\"container\" data-e-type=\"container\">\n\t\t\t\t\t<div class=\"e-con-inner\">\n\t\t<div class=\"elementor-element elementor-element-4f1563a6 e-con-full e-flex e-con e-child\" data-id=\"4f1563a6\" data-element_type=\"container\" data-e-type=\"container\">\n\t\t\t\t<div class=\"elementor-element elementor-element-c43115d elementor-widget elementor-widget-heading\" data-id=\"c43115d\" data-element_type=\"widget\" data-e-type=\"widget\" data-widget_type=\"heading.default\">\n\t\t\t\t<div class=\"elementor-widget-container\">\n\t\t\t\t\t<h6 class=\"elementor-heading-title elementor-size-default\">PLA vs plastiques traditionnels<\/h6>\t\t\t\t<\/div>\n\t\t\t\t<\/div>\n\t\t\t\t<div class=\"elementor-element elementor-element-5c3ad37 elementor-widget elementor-widget-heading\" data-id=\"5c3ad37\" data-element_type=\"widget\" data-e-type=\"widget\" data-widget_type=\"heading.default\">\n\t\t\t\t<div class=\"elementor-widget-container\">\n\t\t\t\t\t<h2 class=\"elementor-heading-title elementor-size-default\">Comparaison du PLA avec les plastiques fossiles traditionnels<\/h2>\t\t\t\t<\/div>\n\t\t\t\t<\/div>\n\t\t\t\t<div class=\"elementor-element elementor-element-e7cbd1c elementor-widget elementor-widget-text-editor\" data-id=\"e7cbd1c\" data-element_type=\"widget\" data-e-type=\"widget\" data-widget_type=\"text-editor.default\">\n\t\t\t\t<div class=\"elementor-widget-container\">\n\t\t\t\t\t\t\t\t\t<p><span class=\"TextRun SCXW201845437 BCX8\" lang=\"EN-US\" xml:lang=\"EN-US\" data-contrast=\"auto\"><span class=\"NormalTextRun SCXW201845437 BCX8\">Le PLA pur en tant que r\u00e9sine autonome peut rivaliser avec le PET et le PS. <\/span><span class=\"NormalTextRun SCXW201845437 BCX8\">Concernant<\/span><span class=\"NormalTextRun SCXW201845437 BCX8\"> le PEHD, le PP,<\/span> <span class=\"NormalTextRun SCXW201845437 BCX8\">le PVC rigide, le PS (choc), le PA, l&rsquo;ABS et le PC, le PLA devra \u00eatre <\/span><span class=\"NormalTextRun SCXW201845437 BCX8\">additiv\u00e9<\/span><span class=\"NormalTextRun SCXW201845437 BCX8\"> et\/ou transform\u00e9 en<\/span> <span class=\"NormalTextRun SCXW201845437 BCX8\">compos\u00e9 pour atteindre des performances m\u00e9caniques similaires selon l&rsquo;application finale.<\/span><\/span><span class=\"EOP SCXW201845437 BCX8\" data-ccp-props=\"{}\"> <\/span><\/p>\t\t\t\t\t\t\t\t<\/div>\n\t\t\t\t<\/div>\n\t\t\t\t<\/div>\n\t\t<div class=\"elementor-element elementor-element-54334443 e-con-full e-flex e-con e-child\" data-id=\"54334443\" data-element_type=\"container\" data-e-type=\"container\">\n\t\t\t\t<div class=\"elementor-element elementor-element-7fe7c04d elementor-widget elementor-widget-image\" data-id=\"7fe7c04d\" data-element_type=\"widget\" data-e-type=\"widget\" data-widget_type=\"image.default\">\n\t\t\t\t<div class=\"elementor-widget-container\">\n\t\t\t\t\t\t\t\t\t\t\t\t\t\t\t<img alt=\"\" fetchpriority=\"high\" decoding=\"async\" width=\"800\" height=\"450\" src=\"https:\/\/www.futerro.com\/wp-content\/uploads\/2025\/08\/WEBSITE-IMAGES-1920x1080-56-1024x576.png\" class=\"attachment-large size-large wp-image-3821\" alt=\"\" srcset=\"https:\/\/www.futerro.com\/wp-content\/uploads\/2025\/08\/WEBSITE-IMAGES-1920x1080-56-1024x576.png 1024w, https:\/\/www.futerro.com\/wp-content\/uploads\/2025\/08\/WEBSITE-IMAGES-1920x1080-56-300x169.png 300w, https:\/\/www.futerro.com\/wp-content\/uploads\/2025\/08\/WEBSITE-IMAGES-1920x1080-56-768x432.png 768w, https:\/\/www.futerro.com\/wp-content\/uploads\/2025\/08\/WEBSITE-IMAGES-1920x1080-56-1536x864.png 1536w, https:\/\/www.futerro.com\/wp-content\/uploads\/2025\/08\/WEBSITE-IMAGES-1920x1080-56.png 1920w\" sizes=\"(max-width: 800px) 100vw, 800px\" \/>\t\t\t\t\t\t\t\t\t\t\t\t\t\t\t<\/div>\n\t\t\t\t<\/div>\n\t\t\t\t<\/div>\n\t\t<div class=\"elementor-element elementor-element-6a2f342e e-con-full elementor-hidden-tablet elementor-hidden-mobile e-flex e-con e-child\" data-id=\"6a2f342e\" data-element_type=\"container\" data-e-type=\"container\" data-settings=\"{&quot;background_background&quot;:&quot;classic&quot;,&quot;position&quot;:&quot;absolute&quot;}\">\n\t\t\t\t<\/div>\n\t\t\t\t\t<\/div>\n\t\t\t\t<\/div>\n\t\t\t\t<\/div>\n\t\t<div class=\"elementor-element elementor-element-1736f01 e-flex e-con-boxed e-con e-parent\" data-id=\"1736f01\" data-element_type=\"container\" data-e-type=\"container\">\n\t\t\t\t\t<div class=\"e-con-inner\">\n\t\t<div class=\"elementor-element elementor-element-a2be9ba e-con-full e-flex e-con e-child\" data-id=\"a2be9ba\" data-element_type=\"container\" data-e-type=\"container\">\n\t\t\t\t<div class=\"elementor-element elementor-element-b494bcb elementor-widget elementor-widget-text-editor\" data-id=\"b494bcb\" data-element_type=\"widget\" data-e-type=\"widget\" data-widget_type=\"text-editor.default\">\n\t\t\t\t<div class=\"elementor-widget-container\">\n\t\t\t\t\t\t\t\t\t<table data-tablestyle=\"MsoTableGrid\" data-tablelook=\"1184\" aria-rowcount=\"11\"><tbody><tr aria-rowindex=\"2\"><td data-celllook=\"0\"><p style=\"text-align: center;\"><strong>Limitations du PLA pur <\/strong><\/p><\/td><td colspan=\"2\" data-celllook=\"0\"><p style=\"text-align: center;\"><strong>Solutions <\/strong><\/p><\/td><\/tr><tr aria-rowindex=\"3\"><td data-celllook=\"0\"><p><span data-contrast=\"auto\">Fragilit\u00e9<\/span><span data-ccp-props=\"{}\"> <\/span><\/p><\/td><td colspan=\"2\" data-celllook=\"0\"><p><span data-contrast=\"auto\">Modificateurs d&rsquo;impact, plastifiants<\/span><span data-ccp-props=\"{}\"> <\/span><\/p><\/td><\/tr><tr aria-rowindex=\"4\"><td data-celllook=\"0\"><p><span data-contrast=\"auto\">Faible taux de cristallisation\/cristallinit\u00e9<\/span><span data-ccp-props=\"{}\"> <\/span><\/p><\/td><td colspan=\"2\" data-celllook=\"0\"><p><span data-contrast=\"auto\">Agent de nucl\u00e9ation<\/span><span data-ccp-props=\"{}\"> <\/span><\/p><\/td><\/tr><tr aria-rowindex=\"5\"><td data-celllook=\"0\"><p><span data-contrast=\"auto\">R\u00e9sistance limit\u00e9e \u00e0 la chaleur (si amorphe)<\/span><span data-ccp-props=\"{}\"> <\/span><\/p><\/td><td colspan=\"2\" data-celllook=\"0\"><p><span data-contrast=\"auto\">Charges, agent de nucl\u00e9ation, m\u00e9langes<\/span><\/p><\/td><\/tr><tr aria-rowindex=\"6\"><td data-celllook=\"0\"><p><span data-contrast=\"auto\">Faible r\u00e9sistance \u00e0 l&rsquo;hydrolyse<\/span><span data-ccp-props=\"{}\"> <\/span><\/p><\/td><td colspan=\"2\" data-celllook=\"0\"><p><span data-contrast=\"auto\">Agent anti-hydrolyse<\/span><\/p><\/td><\/tr><\/tbody><\/table>\t\t\t\t\t\t\t\t<\/div>\n\t\t\t\t<\/div>\n\t\t\t\t<\/div>\n\t\t<div class=\"elementor-element elementor-element-95f8912 e-con-full e-flex e-con e-child\" data-id=\"95f8912\" data-element_type=\"container\" data-e-type=\"container\">\n\t\t\t\t<div class=\"elementor-element elementor-element-c64bf35 elementor-widget elementor-widget-heading\" data-id=\"c64bf35\" data-element_type=\"widget\" data-e-type=\"widget\" data-widget_type=\"heading.default\">\n\t\t\t\t<div class=\"elementor-widget-container\">\n\t\t\t\t\t<h6 class=\"elementor-heading-title elementor-size-default\">PLA vs plastiques traditionnels<\/h6>\t\t\t\t<\/div>\n\t\t\t\t<\/div>\n\t\t\t\t<div class=\"elementor-element elementor-element-11a9d0e elementor-widget elementor-widget-heading\" data-id=\"11a9d0e\" data-element_type=\"widget\" data-e-type=\"widget\" data-widget_type=\"heading.default\">\n\t\t\t\t<div class=\"elementor-widget-container\">\n\t\t\t\t\t<h2 class=\"elementor-heading-title elementor-size-default\">Limitations techniques du PLA et solutions<\/h2>\t\t\t\t<\/div>\n\t\t\t\t<\/div>\n\t\t\t\t<div class=\"elementor-element elementor-element-63995df elementor-widget elementor-widget-text-editor\" data-id=\"63995df\" data-element_type=\"widget\" data-e-type=\"widget\" data-widget_type=\"text-editor.default\">\n\t\t\t\t<div class=\"elementor-widget-container\">\n\t\t\t\t\t\t\t\t\t<p><span class=\"TextRun SCXW129161533 BCX8\" lang=\"EN-US\" xml:lang=\"EN-US\" data-contrast=\"auto\"><span class=\"NormalTextRun SCXW129161533 BCX8\">Dans l&rsquo;ensemble, bien que le PLA pur poss\u00e8de de nombreuses caract\u00e9ristiques cl\u00e9s, sa r\u00e9sistance moyenne \u00e0 la chaleur, sa fragilit\u00e9 et sa<\/span> <span class=\"NormalTextRun SCXW129161533 BCX8\">sensibilit\u00e9 \u00e0 l&rsquo;humidit\u00e9 sont des limitations \u00e0 prendre en compte lors de l&rsquo;\u00e9valuation de son utilisation dans divers march\u00e9s et applications. Le d\u00e9veloppement de nouveaux <\/span> <span class=\"NormalTextRun SCXW129161533 BCX8\">compos\u00e9s \u00e0 base de PLA et l&rsquo;utilisation d&rsquo;une large gamme d&rsquo;additifs permettent d&rsquo;am\u00e9liorer les propri\u00e9t\u00e9s<\/span> <span class=\"NormalTextRun SCXW129161533 BCX8\">physiques des r\u00e9sines de PLA pur<\/span><span class=\"NormalTextRun SCXW129161533 BCX8\">.<\/span><\/span><span class=\"EOP SCXW129161533 BCX8\" data-ccp-props=\"{}\"> <\/span><\/p>\t\t\t\t\t\t\t\t<\/div>\n\t\t\t\t<\/div>\n\t\t\t\t<\/div>\n\t\t\t\t\t<\/div>\n\t\t\t\t<\/div>\n\t\t<div class=\"elementor-element elementor-element-558f167 e-flex e-con-boxed e-con e-parent\" data-id=\"558f167\" data-element_type=\"container\" data-e-type=\"container\">\n\t\t\t\t\t<div class=\"e-con-inner\">\n\t\t<div class=\"elementor-element elementor-element-605573b e-con-full e-flex e-con e-child\" data-id=\"605573b\" data-element_type=\"container\" data-e-type=\"container\" data-settings=\"{&quot;background_background&quot;:&quot;classic&quot;}\">\n\t\t<div class=\"elementor-element elementor-element-4fffdc6 e-con-full e-flex e-con e-child\" data-id=\"4fffdc6\" data-element_type=\"container\" data-e-type=\"container\">\n\t\t\t\t<div class=\"elementor-element elementor-element-72466eb elementor-widget elementor-widget-heading\" data-id=\"72466eb\" data-element_type=\"widget\" data-e-type=\"widget\" data-widget_type=\"heading.default\">\n\t\t\t\t<div class=\"elementor-widget-container\">\n\t\t\t\t\t<h3 class=\"elementor-heading-title elementor-size-default\">Des questions plus sp\u00e9cifiques ?<\/h3>\t\t\t\t<\/div>\n\t\t\t\t<\/div>\n\t\t\t\t<div class=\"elementor-element elementor-element-eb129fa elementor-widget elementor-widget-text-editor\" data-id=\"eb129fa\" data-element_type=\"widget\" data-e-type=\"widget\" data-widget_type=\"text-editor.default\">\n\t\t\t\t<div class=\"elementor-widget-container\">\n\t\t\t\t\t\t\t\t\t<p>Nous sommes l\u00e0 pour vous aider ! <span class=\"NormalTextRun SCXW249012767 BCX8\">Veuillez<\/span><span class=\"NormalTextRun SCXW249012767 BCX8\"> contacter <\/span><span class=\"NormalTextRun SCXW249012767 BCX8\">directement<\/span> <span class=\"NormalTextRun SCXW249012767 BCX8\">notre<\/span> <span class=\"NormalTextRun SCXW249012767 BCX8\">\u00e9quipe<\/span> <span class=\"NormalTextRun SCXW249012767 BCX8\">technique<\/span><\/p>\t\t\t\t\t\t\t\t<\/div>\n\t\t\t\t<\/div>\n\t\t\t\t<\/div>\n\t\t<div class=\"elementor-element elementor-element-efe36ae e-con-full e-flex e-con e-child\" data-id=\"efe36ae\" data-element_type=\"container\" data-e-type=\"container\">\n\t\t\t\t<div class=\"elementor-element elementor-element-242c7e4 elementor-widget elementor-widget-button\" data-id=\"242c7e4\" data-element_type=\"widget\" data-e-type=\"widget\" data-widget_type=\"button.default\">\n\t\t\t\t<div class=\"elementor-widget-container\">\n\t\t\t\t\t\t\t\t\t<div class=\"elementor-button-wrapper\">\n\t\t\t\t\t<a class=\"elementor-button elementor-button-link elementor-size-sm\" href=\"https:\/\/www.futerro.com\/fr\/contact\/\">\n\t\t\t\t\t\t<span class=\"elementor-button-content-wrapper\">\n\t\t\t\t\t\t\t\t\t<span class=\"elementor-button-text\">Contactez-nous<\/span>\n\t\t\t\t\t<\/span>\n\t\t\t\t\t<\/a>\n\t\t\t\t<\/div>\n\t\t\t\t\t\t\t\t<\/div>\n\t\t\t\t<\/div>\n\t\t\t\t<\/div>\n\t\t\t\t<\/div>\n\t\t\t\t\t<\/div>\n\t\t\t\t<\/div>\n\t\t<div class=\"elementor-element elementor-element-4d7a4ee e-flex e-con-boxed e-con e-parent\" data-id=\"4d7a4ee\" data-element_type=\"container\" data-e-type=\"container\">\n\t\t\t\t\t<div class=\"e-con-inner\">\n\t\t\t\t<div class=\"elementor-element elementor-element-abd14b3 elementor-widget elementor-widget-spacer\" data-id=\"abd14b3\" data-element_type=\"widget\" data-e-type=\"widget\" data-widget_type=\"spacer.default\">\n\t\t\t\t<div class=\"elementor-widget-container\">\n\t\t\t\t\t\t\t<div class=\"elementor-spacer\">\n\t\t\t<div class=\"elementor-spacer-inner\"><\/div>\n\t\t<\/div>\n\t\t\t\t\t\t<\/div>\n\t\t\t\t<\/div>\n\t\t\t\t\t<\/div>\n\t\t\t\t<\/div>\n\t\t\t\t<\/div>\n\t\t","protected":false},"excerpt":{"rendered":"<p>Gr\u00e2ce \u00e0 ses propri\u00e9t\u00e9s techniques, le PLA pur peut rivaliser avec le PET et le PS. Pour ajuster ou modifier ses caract\u00e9ristiques, l&rsquo;utilisation de compos\u00e9s et\/ou d&rsquo;additifs est possible.  <\/p>\n","protected":false},"author":2,"featured_media":3185,"parent":5486,"menu_order":0,"comment_status":"closed","ping_status":"closed","template":"","meta":{"_acf_changed":false,"_seopress_robots_primary_cat":"","_seopress_titles_title":"","_seopress_titles_desc":"","_seopress_robots_index":"","inline_featured_image":false,"footnotes":""},"class_list":["post-5436","page","type-page","status-publish","has-post-thumbnail","hentry"],"acf":[],"_links":{"self":[{"href":"https:\/\/www.futerro.com\/fr\/wp-json\/wp\/v2\/pages\/5436","targetHints":{"allow":["GET"]}}],"collection":[{"href":"https:\/\/www.futerro.com\/fr\/wp-json\/wp\/v2\/pages"}],"about":[{"href":"https:\/\/www.futerro.com\/fr\/wp-json\/wp\/v2\/types\/page"}],"author":[{"embeddable":true,"href":"https:\/\/www.futerro.com\/fr\/wp-json\/wp\/v2\/users\/2"}],"replies":[{"embeddable":true,"href":"https:\/\/www.futerro.com\/fr\/wp-json\/wp\/v2\/comments?post=5436"}],"version-history":[{"count":6,"href":"https:\/\/www.futerro.com\/fr\/wp-json\/wp\/v2\/pages\/5436\/revisions"}],"predecessor-version":[{"id":7604,"href":"https:\/\/www.futerro.com\/fr\/wp-json\/wp\/v2\/pages\/5436\/revisions\/7604"}],"up":[{"embeddable":true,"href":"https:\/\/www.futerro.com\/fr\/wp-json\/wp\/v2\/pages\/5486"}],"wp:featuredmedia":[{"embeddable":true,"href":"https:\/\/www.futerro.com\/fr\/wp-json\/wp\/v2\/media\/3185"}],"wp:attachment":[{"href":"https:\/\/www.futerro.com\/fr\/wp-json\/wp\/v2\/media?parent=5436"}],"curies":[{"name":"wp","href":"https:\/\/api.w.org\/{rel}","templated":true}]}}